{"id":7304,"date":"2024-04-03T22:37:23","date_gmt":"2024-04-03T19:37:23","guid":{"rendered":"https:\/\/test.denizdemirdoven.com\/?page_id=7304"},"modified":"2025-10-04T19:56:53","modified_gmt":"2025-10-04T16:56:53","slug":"iletisim","status":"publish","type":"page","link":"https:\/\/test.denizdemirdoven.com\/en\/iletisim\/","title":{"rendered":"Contact"},"content":{"rendered":"<div data-elementor-type=\"wp-page\" data-elementor-id=\"7304\" class=\"elementor elementor-7304\" data-elementor-post-type=\"page\">\n\t\t\t\t<div data-lqd-color-scheme=\"dark\" class=\"elementor-element elementor-element-12af616 e-flex e-con-boxed e-con e-parent\" data-id=\"12af616\" data-element_type=\"container\" data-settings=\"{&quot;background_background&quot;:&quot;classic&quot;,&quot;shape_divider_bottom&quot;:&quot;curve&quot;,&quot;shape_divider_bottom_negative&quot;:&quot;yes&quot;,&quot;ekit_has_onepagescroll_dot&quot;:&quot;yes&quot;}\">\n\t\t\t\t\t<div class=\"e-con-inner\">\n\t\t\t\t<div class=\"elementor-shape elementor-shape-bottom\" aria-hidden=\"true\" data-negative=\"true\">\n\t\t\t<svg xmlns=\"http:\/\/www.w3.org\/2000\/svg\" viewbox=\"0 0 1000 100\" preserveaspectratio=\"none\">\n\t<path class=\"elementor-shape-fill\" d=\"M500,97C126.7,96.3,0.8,19.8,0,0v100l1000,0V1C1000,19.4,873.3,97.8,500,97z\"\/>\n<\/svg>\t\t<\/div>\n\t\t\t\t<div class=\"elementor-element elementor-element-b0a0b95 lqd-text-tag-h6 elementor-widget elementor-widget-lqd-text\" data-id=\"b0a0b95\" data-element_type=\"widget\" data-settings=\"{&quot;ekit_we_effect_on&quot;:&quot;none&quot;}\" data-widget_type=\"lqd-text.default\">\n\t\t\t\t<div class=\"elementor-widget-container\">\n\t\t\t\t\t<h6 class=\"lqd-text-el m-0 p-0\"><span class=\"lqd-text-item relative elementor-repeater-item-ac34bca\">7\/24<\/span><\/h6>\t\t\t\t<\/div>\n\t\t\t\t<\/div>\n\t\t<style>.elementor-element-b0a0b95 {\n   transform: translate3d(0px,30px,0px) scale(1, 1) rotateX(0deg) rotateY(0deg) rotateZ(0deg) skew(0deg, 0deg);\n   opacity: 0;\n}\n<\/style><script>\n\t\twindow.liquid.behaviors.push( {\n\t\t\tdataId: \"b0a0b95\",\n\t\t\tbehaviors:[\n\t\t\t\t{behaviorName:'liquidGetElementComputedStyles',options:{includeSelf:true,getRect:true,addGhosts:true}},{behaviorName:'liquidAnimations',options:{domain:'inview',trigger:'ghost',duration:0.65,ease:'expo.out',stagger:{each:0.065,from:'start'},delay:0,start:'top+=30px bottom',startElementOffset:0,startViewportOffset:0,animations:[{elements:'self',breakpointsKeyframes:{all:{keyframes:[{scaleX:1,scaleY:1,skewX:0,skewY:0,x:'0px',y:'0px',z:'0px',rotateX:0,rotateY:0,rotateZ:0,opacity:1}]}}}]}},\n\t\t\t]\n\t\t} );\n\t\t\n\t\t<\/script>\t\t<div class=\"elementor-element elementor-element-b4d9885 lqd-text-tag-p elementor-widget__width-initial elementor-widget-mobile__width-inherit elementor-widget elementor-widget-lqd-text\" data-id=\"b4d9885\" data-element_type=\"widget\" data-settings=\"{&quot;ekit_we_effect_on&quot;:&quot;none&quot;}\" data-widget_type=\"lqd-text.default\" data-lqd-has-inner-animatables=\"true\">\n\t\t\t\t<div class=\"elementor-widget-container\">\n\t\t\t\t\t<p class=\"lqd-text-el m-0 p-0\" data-lqd-split-text-el=\"1\" data-lqd-split-type=\"words\"><span class=\"lqd-text-item relative elementor-repeater-item-22c38fc\"><span class=\"lqd-split-text-words inline-flex bg-inherit relative\" data-lqd-inner-animatable-el>Price<\/span>&nbsp;<span class=\"lqd-split-text-words inline-flex bg-inherit relative\" data-lqd-inner-animatable-el>proposals<\/span>&nbsp;<span class=\"lqd-split-text-words inline-flex bg-inherit relative\" data-lqd-inner-animatable-el>and<\/span>&nbsp;<span class=\"lqd-split-text-words inline-flex bg-inherit relative\" data-lqd-inner-animatable-el>Our Products<\/span>&nbsp;<span class=\"lqd-split-text-words inline-flex bg-inherit relative\" data-lqd-inner-animatable-el>with<\/span>&nbsp;<span class=\"lqd-split-text-words inline-flex bg-inherit relative\" data-lqd-inner-animatable-el>relevant<\/span>&nbsp;<span class=\"lqd-split-text-words inline-flex bg-inherit relative\" data-lqd-inner-animatable-el>all<\/span>&nbsp;<span class=\"lqd-split-text-words inline-flex bg-inherit relative\" data-lqd-inner-animatable-el>Your questions<\/span>&nbsp;<span class=\"lqd-split-text-words inline-flex bg-inherit relative\" data-lqd-inner-animatable-el>for<\/span><\/span><span class=\"lqd-text-item relative elementor-repeater-item-25cd41d\"><span class=\"lqd-split-text-words inline-flex bg-inherit relative\" data-lqd-inner-animatable-el><\/span>&nbsp;<span class=\"lqd-split-text-words inline-flex bg-inherit relative\" data-lqd-inner-animatable-el>us<\/span>&nbsp;<span class=\"lqd-split-text-words inline-flex bg-inherit relative\" data-lqd-inner-animatable-el>mail<\/span>&nbsp;<span class=\"lqd-split-text-words inline-flex bg-inherit relative\" data-lqd-inner-animatable-el>the way<\/span>&nbsp;<span class=\"lqd-split-text-words inline-flex bg-inherit relative\" data-lqd-inner-animatable-el>with<\/span>&nbsp;<span class=\"lqd-split-text-words inline-flex bg-inherit relative\" data-lqd-inner-animatable-el>7\/24<\/span>&nbsp;<span class=\"lqd-split-text-words inline-flex bg-inherit relative\" data-lqd-inner-animatable-el>you can reach.<\/span>&nbsp;<span class=\"lqd-split-text-words inline-flex bg-inherit relative\" data-lqd-inner-animatable-el>En<\/span>&nbsp;<span class=\"lqd-split-text-words inline-flex bg-inherit relative\" data-lqd-inner-animatable-el>short<\/span>&nbsp;<span class=\"lqd-split-text-words inline-flex bg-inherit relative\" data-lqd-inner-animatable-el>while<\/span>&nbsp;<span class=\"lqd-split-text-words inline-flex bg-inherit relative\" data-lqd-inner-animatable-el>size<\/span>&nbsp;<span class=\"lqd-split-text-words inline-flex bg-inherit relative\" data-lqd-inner-animatable-el>Answer<\/span>&nbsp;<span class=\"lqd-split-text-words inline-flex bg-inherit relative\" data-lqd-inner-animatable-el>we'll give it to you.<\/span><\/span><\/p>\t\t\t\t<\/div>\n\t\t\t\t<\/div>\n\t\t<style>.elementor-element-b4d9885 .lqd-split-text-words {\n   transform: translate3d(0px,20px,0px) scale(1, 1) rotateX(0deg) rotateY(0deg) rotateZ(0deg) skew(0deg, 0deg);\n   opacity: 0;\n}\n<\/style><script>\n\t\twindow.liquid.behaviors.push( {\n\t\t\tdataId: \"b4d9885\",\n\t\t\tbehaviors:[\n\t\t\t\t{behaviorName:'liquidSplitText',options:{splitDoneFromBackend:true,splitType:'words'}},{behaviorName:'liquidGetElementComputedStyles',options:{includeSelf:true,getRect:true,addGhosts:true}},{behaviorName:'liquidAnimations',options:{domain:'inview',trigger:'ghost',duration:0.65,ease:'expo.out',stagger:{each:0.015,from:'start'},delay:0.2,start:'top+=30px bottom',startElementOffset:0,startViewportOffset:0,animations:[{elements:'selfAnimatables',breakpointsKeyframes:{all:{keyframes:[{scaleX:1,scaleY:1,skewX:0,skewY:0,x:'0px',y:'0px',z:'0px',rotateX:0,rotateY:0,rotateZ:0,opacity:1}]}}}]}},\n\t\t\t]\n\t\t} );\n\t\t\n\t\t<\/script>\t\t<div class=\"elementor-element elementor-element-3075ce0 elementor-widget__width-inherit elementor-widget elementor-widget-wp-widget-block\" data-id=\"3075ce0\" data-element_type=\"widget\" data-settings=\"{&quot;ekit_we_effect_on&quot;:&quot;none&quot;}\" data-widget_type=\"wp-widget-block.default\">\n\t\t\t\t<div class=\"elementor-widget-container\">\n\t\t\t\t\t\n<div class=\"wpcf7 no-js\" id=\"wpcf7-f11677-o1\" lang=\"tr-TR\" dir=\"ltr\" data-wpcf7-id=\"11677\">\n<div class=\"screen-reader-response\"><p role=\"status\" aria-live=\"polite\" aria-atomic=\"true\"><\/p> <ul><\/ul><\/div>\n<form action=\"\/en\/wp-json\/wp\/v2\/pages\/7304#wpcf7-f11677-o1\" method=\"post\" class=\"wpcf7-form init\" aria-label=\"\u0130leti\u015fim Formu\" novalidate=\"novalidate\" data-status=\"init\" data-trp-original-action=\"\/en\/wp-json\/wp\/v2\/pages\/7304#wpcf7-f11677-o1\">\n<fieldset class=\"hidden-fields-container\"><input type=\"hidden\" name=\"_wpcf7\" value=\"11677\" \/><input type=\"hidden\" name=\"_wpcf7_version\" value=\"6.1.2\" \/><input type=\"hidden\" name=\"_wpcf7_locale\" value=\"tr_TR\" \/><input type=\"hidden\" name=\"_wpcf7_unit_tag\" value=\"wpcf7-f11677-o1\" \/><input type=\"hidden\" name=\"_wpcf7_container_post\" value=\"0\" \/><input type=\"hidden\" name=\"_wpcf7_posted_data_hash\" value=\"\" \/>\n<\/fieldset>\n<p><label> <span style=\"color:black\">Your Name and Surname<\/span><br \/>\n<span class=\"wpcf7-form-control-wrap\" data-name=\"your-name\"><input size=\"40\" maxlength=\"400\" class=\"wpcf7-form-control wpcf7-text wpcf7-validates-as-required\" autocomplete=\"name\" aria-required=\"true\" aria-invalid=\"false\" value=\"\" type=\"text\" name=\"your-name\" \/><\/span> <\/label>\n<\/p>\n<p><label> <span style=\"color:black\">Your e-mail address:<\/span><br \/>\n<span class=\"wpcf7-form-control-wrap\" data-name=\"your-email\"><input size=\"40\" maxlength=\"400\" class=\"wpcf7-form-control wpcf7-email wpcf7-validates-as-required wpcf7-text wpcf7-validates-as-email\" autocomplete=\"email\" aria-required=\"true\" aria-invalid=\"false\" value=\"\" type=\"email\" name=\"your-email\" \/><\/span> <\/label>\n<\/p>\n<p><label> <span style=\"color:black\">Subject:<\/span><br \/>\n<span class=\"wpcf7-form-control-wrap\" data-name=\"your-subject\"><input size=\"40\" maxlength=\"400\" class=\"wpcf7-form-control wpcf7-text wpcf7-validates-as-required\" aria-required=\"true\" aria-invalid=\"false\" value=\"\" type=\"text\" name=\"your-subject\" \/><\/span> <\/label>\n<\/p>\n<p><label> <span style=\"color:black\">Your message (optional):<\/span><br \/>\n<span class=\"wpcf7-form-control-wrap\" data-name=\"your-message\"><textarea cols=\"40\" rows=\"10\" maxlength=\"2000\" class=\"wpcf7-form-control wpcf7-textarea\" aria-invalid=\"false\" name=\"your-message\"><\/textarea><\/span> <\/label>\n<\/p>\n<p><input class=\"wpcf7-form-control wpcf7-submit has-spinner\" type=\"submit\" value=\"Send\" \/>\n<\/p><div class=\"wpcf7-response-output\" aria-hidden=\"true\"><\/div>\n<input type=\"hidden\" name=\"trp-form-language\" value=\"en\"\/><\/form>\n<\/div>\n\t\t\t\t<\/div>\n\t\t\t\t<\/div>\n\t\t\t\t\t<\/div>\n\t\t\t\t<\/div>\n\t\t\t\t<\/div>","protected":false},"excerpt":{"rendered":"<p>7\/24 Fiyat&nbsp;teklifleri&nbsp;ve&nbsp;\u00fcr\u00fcnlerimiz&nbsp;ile&nbsp;alakal\u0131&nbsp;t\u00fcm&nbsp;sorular\u0131n\u0131z&nbsp;i\u00e7in&nbsp;bize&nbsp;mail&nbsp;yolu&nbsp;ile&nbsp;7\/24&nbsp;ula\u015fabilirsiniz.&nbsp;En&nbsp;k\u0131sa&nbsp;s\u00fcrede&nbsp;size&nbsp;cevap&nbsp;verece\u011fiz..<\/p>","protected":false},"author":1,"featured_media":0,"parent":0,"menu_order":5,"comment_status":"closed","ping_status":"closed","template":"","meta":{"footnotes":""},"class_list":["post-7304","page","type-page","status-publish","hentry"],"_links":{"self":[{"href":"https:\/\/test.denizdemirdoven.com\/en\/wp-json\/wp\/v2\/pages\/7304","targetHints":{"allow":["GET"]}}],"collection":[{"href":"https:\/\/test.denizdemirdoven.com\/en\/wp-json\/wp\/v2\/pages"}],"about":[{"href":"https:\/\/test.denizdemirdoven.com\/en\/wp-json\/wp\/v2\/types\/page"}],"author":[{"embeddable":true,"href":"https:\/\/test.denizdemirdoven.com\/en\/wp-json\/wp\/v2\/users\/1"}],"replies":[{"embeddable":true,"href":"https:\/\/test.denizdemirdoven.com\/en\/wp-json\/wp\/v2\/comments?post=7304"}],"version-history":[{"count":52,"href":"https:\/\/test.denizdemirdoven.com\/en\/wp-json\/wp\/v2\/pages\/7304\/revisions"}],"predecessor-version":[{"id":11708,"href":"https:\/\/test.denizdemirdoven.com\/en\/wp-json\/wp\/v2\/pages\/7304\/revisions\/11708"}],"wp:attachment":[{"href":"https:\/\/test.denizdemirdoven.com\/en\/wp-json\/wp\/v2\/media?parent=7304"}],"curies":[{"name":"wp","href":"https:\/\/api.w.org\/{rel}","templated":true}]}}