{"id":9287,"date":"2024-09-10T16:59:17","date_gmt":"2024-09-10T13:59:17","guid":{"rendered":"https:\/\/test.denizdemirdoven.com\/patent-copy\/"},"modified":"2024-10-18T19:31:25","modified_gmt":"2024-10-18T16:31:25","slug":"hakkimizda","status":"publish","type":"page","link":"https:\/\/test.denizdemirdoven.com\/en\/hakkimizda\/","title":{"rendered":"About Us"},"content":{"rendered":"<div data-elementor-type=\"wp-page\" data-elementor-id=\"9287\" class=\"elementor elementor-9287\" data-elementor-post-type=\"page\">\n\t\t\t\t<div class=\"elementor-element elementor-element-f8a202d e-flex e-con-boxed e-con e-parent\" data-id=\"f8a202d\" data-element_type=\"container\" data-settings=\"{&quot;background_background&quot;:&quot;slideshow&quot;,&quot;background_slideshow_gallery&quot;:[{&quot;id&quot;:9934,&quot;url&quot;:&quot;https:\\\/\\\/test.denizdemirdoven.com\\\/wp-content\\\/uploads\\\/2024\\\/10\\\/AD-820-dagda-siyah-ahsap-dagda-SON-OK.jpg&quot;}],&quot;background_slideshow_loop&quot;:&quot;yes&quot;,&quot;background_slideshow_slide_duration&quot;:5000,&quot;background_slideshow_slide_transition&quot;:&quot;fade&quot;,&quot;background_slideshow_transition_duration&quot;:500,&quot;ekit_has_onepagescroll_dot&quot;:&quot;yes&quot;}\">\n\t\t\t\t\t<div class=\"e-con-inner\">\n\t\t\t\t<div class=\"elementor-element elementor-element-0f7d238 elementor-widget elementor-widget-text-editor\" data-id=\"0f7d238\" data-element_type=\"widget\" data-settings=\"{&quot;ekit_we_effect_on&quot;:&quot;none&quot;}\" data-widget_type=\"text-editor.default\">\n\t\t\t\t<div class=\"elementor-widget-container\">\n\t\t\t\t\t\t\t\t\t<p>\u00a0<\/p><p>MAXXI ON WHEELS (MOW) is a new living space project realized with \u015eirin \u0130skit's 42 years of art and 36 years of space design experience. Inspired by the Tiny House movement, MOW offers unlimited experiences in limited space with modular, portable and eco-friendly home solutions. MOW products aim to reduce carbon footprint by prioritizing aesthetics and functionality.<\/p><p>MAXXI ON WHEELS (MOW) is a project that offers portable and environmentally friendly Tiny House solutions. In the near future, it will add expandable modular structures to its product range, for which it has received a utility model patent, thus combining portability and wide use. MOW designs, which prioritize water and energy efficiency, aim to reduce carbon footprint, user comfort and freedom of movement, while adopting a minimal and modern style inspired by nature in exterior and interior designs. It also provides both sustainable and high quality living spaces with its design-registered products.<\/p><h6>\u00a0<\/h6>\t\t\t\t\t\t\t\t<\/div>\n\t\t\t\t<\/div>\n\t\t\t\t<div class=\"elementor-element elementor-element-55f1e15 elementor-widget elementor-widget-heading\" data-id=\"55f1e15\" data-element_type=\"widget\" data-settings=\"{&quot;ekit_we_effect_on&quot;:&quot;none&quot;}\" data-widget_type=\"heading.default\">\n\t\t\t\t<div class=\"elementor-widget-container\">\n\t\t\t\t\t<span class=\"elementor-heading-title elementor-size-default\">Our brands and models are registered.<\/span>\t\t\t\t<\/div>\n\t\t\t\t<\/div>\n\t\t\t\t<div class=\"elementor-element elementor-element-596d240 elementor-widget elementor-widget-spacer\" data-id=\"596d240\" data-element_type=\"widget\" data-settings=\"{&quot;ekit_we_effect_on&quot;:&quot;none&quot;}\" data-widget_type=\"spacer.default\">\n\t\t\t\t<div class=\"elementor-widget-container\">\n\t\t\t\t\t\t\t<div class=\"elementor-spacer\">\n\t\t\t<div class=\"elementor-spacer-inner\"><\/div>\n\t\t<\/div>\n\t\t\t\t\t\t<\/div>\n\t\t\t\t<\/div>\n\t\t\t\t<div class=\"elementor-element elementor-element-a34bc71 elementor-widget elementor-widget-heading\" data-id=\"a34bc71\" data-element_type=\"widget\" data-settings=\"{&quot;ekit_we_effect_on&quot;:&quot;none&quot;}\" data-widget_type=\"heading.default\">\n\t\t\t\t<div class=\"elementor-widget-container\">\n\t\t\t\t\t<span class=\"elementor-heading-title elementor-size-default\">Our Utility Model Patent<\/span>\t\t\t\t<\/div>\n\t\t\t\t<\/div>\n\t\t\t\t<div class=\"elementor-element elementor-element-38f7e3a elementor-widget elementor-widget-image-gallery\" data-id=\"38f7e3a\" data-element_type=\"widget\" data-settings=\"{&quot;ekit_we_effect_on&quot;:&quot;none&quot;}\" data-widget_type=\"image-gallery.default\">\n\t\t\t\t<div class=\"elementor-widget-container\">\n\t\t\t\t\t\t\t<div class=\"elementor-image-gallery\">\n\t\t\t<div id='gallery-1' class='gallery galleryid-9287 gallery-columns-1 gallery-size-medium'><figure class='gallery-item'>\n\t\t\t<div class='gallery-icon landscape'>\n\t\t\t\t<a data-elementor-open-lightbox=\"yes\" data-elementor-lightbox-slideshow=\"38f7e3a\" data-elementor-lightbox-title=\"mow patent\" data-elementor-lightbox-description=\"mow patent\" data-e-action-hash=\"#elementor-action%3Aaction%3Dlightbox%26settings%3DeyJpZCI6OTE3MSwidXJsIjoiaHR0cHM6XC9cL3Rlc3QuZGVuaXpkZW1pcmRvdmVuLmNvbVwvd3AtY29udGVudFwvdXBsb2Fkc1wvMjAyNFwvMDlcL21vdy1wYXRlbnQuanBnIiwic2xpZGVzaG93IjoiMzhmN2UzYSJ9\" href='https:\/\/test.denizdemirdoven.com\/wp-content\/uploads\/2024\/09\/mow-patent.jpg'><img fetchpriority=\"high\" decoding=\"async\" width=\"300\" height=\"300\" src=\"https:\/\/test.denizdemirdoven.com\/wp-content\/uploads\/2024\/09\/mow-patent-300x300.jpg\" class=\"attachment-medium size-medium\" alt=\"\" srcset=\"https:\/\/test.denizdemirdoven.com\/wp-content\/uploads\/2024\/09\/mow-patent-300x300.jpg 300w, https:\/\/test.denizdemirdoven.com\/wp-content\/uploads\/2024\/09\/mow-patent-1024x1024.jpg 1024w, https:\/\/test.denizdemirdoven.com\/wp-content\/uploads\/2024\/09\/mow-patent-150x150.jpg 150w, https:\/\/test.denizdemirdoven.com\/wp-content\/uploads\/2024\/09\/mow-patent-320x320.jpg 320w, https:\/\/test.denizdemirdoven.com\/wp-content\/uploads\/2024\/09\/mow-patent-760x760.jpg 760w, https:\/\/test.denizdemirdoven.com\/wp-content\/uploads\/2024\/09\/mow-patent-12x12.jpg 12w, https:\/\/test.denizdemirdoven.com\/wp-content\/uploads\/2024\/09\/mow-patent.jpg 1080w\" sizes=\"(max-width: 300px) 100vw, 300px\" \/><\/a>\n\t\t\t<\/div><\/figure>\n\t\t<\/div>\n\t\t<\/div>\n\t\t\t\t\t\t<\/div>\n\t\t\t\t<\/div>\n\t\t\t\t<div class=\"elementor-element elementor-element-515fea5 elementor-widget elementor-widget-spacer\" data-id=\"515fea5\" data-element_type=\"widget\" data-settings=\"{&quot;ekit_we_effect_on&quot;:&quot;none&quot;}\" data-widget_type=\"spacer.default\">\n\t\t\t\t<div class=\"elementor-widget-container\">\n\t\t\t\t\t\t\t<div class=\"elementor-spacer\">\n\t\t\t<div class=\"elementor-spacer-inner\"><\/div>\n\t\t<\/div>\n\t\t\t\t\t\t<\/div>\n\t\t\t\t<\/div>\n\t\t\t\t\t<\/div>\n\t\t\t\t<\/div>\n\t\t\t\t<\/div>","protected":false},"excerpt":{"rendered":"<p>\u00a0 MAXXI ON WHEELS (MOW), \u015eirin \u0130skit\u2019in 42 y\u0131ll\u0131k sanat ve 36 y\u0131ll\u0131k mekan tasar\u0131m tecr\u00fcbesiyle hayata ge\u00e7irilmi\u015f bir yeni ya\u015fam alan\u0131 projesidir. Tiny House hareketinden ilham alan MOW, mod\u00fcler, ta\u015f\u0131nabilir ve \u00e7evre dostu ev \u00e7\u00f6z\u00fcmleri ile s\u0131n\u0131rl\u0131 alanda s\u0131n\u0131rs\u0131z deneyimler sunar. MOW \u00fcr\u00fcnleri, estetik ve i\u015flevsellik \u00f6n planda tutularak karbon ayak izini azaltmay\u0131 hedefler. [&hellip;]<\/p>","protected":false},"author":1,"featured_media":0,"parent":0,"menu_order":5,"comment_status":"closed","ping_status":"closed","template":"","meta":{"footnotes":""},"class_list":["post-9287","page","type-page","status-publish","hentry"],"_links":{"self":[{"href":"https:\/\/test.denizdemirdoven.com\/en\/wp-json\/wp\/v2\/pages\/9287","targetHints":{"allow":["GET"]}}],"collection":[{"href":"https:\/\/test.denizdemirdoven.com\/en\/wp-json\/wp\/v2\/pages"}],"about":[{"href":"https:\/\/test.denizdemirdoven.com\/en\/wp-json\/wp\/v2\/types\/page"}],"author":[{"embeddable":true,"href":"https:\/\/test.denizdemirdoven.com\/en\/wp-json\/wp\/v2\/users\/1"}],"replies":[{"embeddable":true,"href":"https:\/\/test.denizdemirdoven.com\/en\/wp-json\/wp\/v2\/comments?post=9287"}],"version-history":[{"count":91,"href":"https:\/\/test.denizdemirdoven.com\/en\/wp-json\/wp\/v2\/pages\/9287\/revisions"}],"predecessor-version":[{"id":11078,"href":"https:\/\/test.denizdemirdoven.com\/en\/wp-json\/wp\/v2\/pages\/9287\/revisions\/11078"}],"wp:attachment":[{"href":"https:\/\/test.denizdemirdoven.com\/en\/wp-json\/wp\/v2\/media?parent=9287"}],"curies":[{"name":"wp","href":"https:\/\/api.w.org\/{rel}","templated":true}]}}